{"id":390656,"date":"2024-04-23T10:21:55","date_gmt":"2024-04-23T08:21:55","guid":{"rendered":"https:\/\/johanneswatschinger.it\/?page_id=390656"},"modified":"2024-07-24T12:22:54","modified_gmt":"2024-07-24T10:22:54","slug":"portfolio","status":"publish","type":"page","link":"https:\/\/www.johanneswatschinger.it\/de\/portfolio\/","title":{"rendered":"Portfolio"},"content":{"rendered":"<p>[et_pb_section fb_built=&#8221;1&#8243; _builder_version=&#8221;4.24.3&#8243; _module_preset=&#8221;default&#8221; custom_margin=&#8221;80px||||false|false&#8221; saved_tabs=&#8221;all&#8221; global_colors_info=&#8221;{}&#8221;][et_pb_row _builder_version=&#8221;4.25.1&#8243; _module_preset=&#8221;default&#8221; width=&#8221;90%&#8221; max_width=&#8221;1170px&#8221; custom_padding=&#8221;||||false|false&#8221; global_colors_info=&#8221;{}&#8221;][et_pb_column type=&#8221;4_4&#8243; _builder_version=&#8221;4.25.1&#8243; _module_preset=&#8221;default&#8221; global_colors_info=&#8221;{}&#8221;][et_pb_text _builder_version=&#8221;4.25.1&#8243; _module_preset=&#8221;bacc5d46-89e2-4f00-837b-af5ab49383ad&#8221; text_font_size=&#8221;20px&#8221; max_width=&#8221;50%&#8221; max_width_tablet=&#8221;80%&#8221; max_width_phone=&#8221;90%&#8221; max_width_last_edited=&#8221;on|phone&#8221; text_font_size_tablet=&#8221;18px&#8221; text_font_size_phone=&#8221;16px&#8221; text_line_height_tablet=&#8221;1.6em&#8221; global_colors_info=&#8221;{}&#8221;]<\/p>\n<h1>Portfolio<\/h1>\n<p>Ausgew\u00e4hlte Projekte: Neubauten und Geb\u00e4udesanierungen \u00f6ffentlicher und privater Auftraggeber[\/et_pb_text][\/et_pb_column][\/et_pb_row][et_pb_row _builder_version=&#8221;4.24.3&#8243; _module_preset=&#8221;default&#8221; width=&#8221;100%&#8221; max_width=&#8221;3840px&#8221; global_colors_info=&#8221;{}&#8221;][et_pb_column type=&#8221;4_4&#8243; _builder_version=&#8221;4.24.3&#8243; _module_preset=&#8221;default&#8221; global_colors_info=&#8221;{}&#8221;][diep_extended_portfolio fullwidth=&#8221;grid__1_4&#8243; grid_gap=&#8221;14&#8243; zoom=&#8221;on&#8221; include_categories=&#8221;26,25,27,28&#8243; title_categories_position=&#8221;bottom&#8221; show_on_mouseover=&#8221;on&#8221; show_categories=&#8221;off&#8221; zoom_icon_color=&#8221;#FFFFFF&#8221; hover_overlay_color=&#8221;RGBA(255,255,255,0)&#8221; hover_icon=&#8221;&#xe006;||divi||400&#8243; filter_criteria_active_background=&#8221;#565451&#8243; _builder_version=&#8221;4.27.0&#8243; _module_preset=&#8221;default&#8221; filter_font=&#8221;SpaceGrotesk-Medium||||||||&#8221; filter_text_color=&#8221;#565451&#8243; filter_font_size=&#8221;16px&#8221; filter_line_height=&#8221;1.6em&#8221; filter_active_font=&#8221;SpaceGrotesk-Medium||||||||&#8221; filter_active_text_color=&#8221;#FBFBFA&#8221; filter_active_font_size=&#8221;16px&#8221; filter_active_line_height=&#8221;1.6em&#8221; title_font=&#8221;SpaceGrotesk-Bold||||||||&#8221; title_text_align=&#8221;left&#8221; title_text_color=&#8221;#FFFFFF&#8221; caption_font=&#8221;SpaceGrotesk-Medium||||||||&#8221; caption_text_color=&#8221;#565451&#8243; caption_font_size=&#8221;18px&#8221; custom_padding=&#8221;|14px||14px|false|true&#8221; child_filter_saturate=&#8221;0%&#8221; filter_font_size_tablet=&#8221;16px&#8221; filter_font_size_phone=&#8221;14px&#8221; filter_font_size_last_edited=&#8221;on|desktop&#8221; filter_active_font_size_tablet=&#8221;16px&#8221; filter_active_font_size_phone=&#8221;14px&#8221; filter_active_font_size_last_edited=&#8221;on|phone&#8221; title_text_color_tablet=&#8221;#FFFFFF&#8221; title_text_color_phone=&#8221;#FFFFFF&#8221; title_text_color_last_edited=&#8221;on|desktop&#8221; title_text_shadow_style=&#8221;preset5&#8243; title_text_shadow_color=&#8221;rgba(0,0,0,0.61)&#8221; global_colors_info=&#8221;{}&#8221; child_filter_saturate__hover_enabled=&#8221;on|desktop&#8221; child_filter_saturate__hover=&#8221;100%&#8221; title_text_color__hover_enabled=&#8221;off|hover&#8221; title_text_color__hover=&#8221;RGBA(255,255,255,0)&#8221; filter_text_color__hover_enabled=&#8221;on|hover&#8221; filter_text_color__hover=&#8221;#2B2A29&#8243;][\/diep_extended_portfolio][\/et_pb_column][\/et_pb_row][\/et_pb_section]<\/p>\n","protected":false},"excerpt":{"rendered":"<p>Portfolio Ausgew\u00e4hlte Projekte: Neubauten und Geb\u00e4udesanierungen \u00f6ffentlicher und privater Auftraggeber<div class=\"et_pb_module diep_extended_portfolio diep_extended_portfolio_0 et_pb_portfolio  et_pb_bg_layout_\">\n\t\t\t\t\n\t\t\t\t\n\t\t\t\t\n\t\t\t\t\n\t\t\t\t\n\t\t\t\t\n\t\t\t\t<div class=\"et_pb_module_inner\">\n\t\t\t\t\t<div style=\"display:none\" class=\"grids-destaca et_pb_filterable_portfolio diep_grid__4_4 diep_grid_square\" data-posts-number=\"10\">\n\t\t\t\t\n\t\t\t\t\n\t\t\t\t\n\t\t\t\t\n\t\t\t\t<div class=\"et_pb_portfolio_filters clearfix \"><ul class=\"clearfix\"><li class=\"et_pb_portfolio_filter et_pb_portfolio_filter_all\"><a href=\"#\" class=\"active\" data-category-slug=\"all\">Alle<\/a><\/li><li class=\"et_pb_portfolio_filter\"><a href=\"#\" data-category-slug=\"sanierung\">Sanierung<\/a><\/li><li class=\"et_pb_portfolio_filter\"><a href=\"#\" data-category-slug=\"oeffentlich\">\u00d6ffentlich<\/a><\/li><li class=\"et_pb_portfolio_filter\"><a href=\"#\" data-category-slug=\"privat\">Privat<\/a><\/li><\/ul><\/div><div class=\"diep-mobile-filters\"><a title=\"Filter\" class=\"destaca-filter-btn\" href=\"#\"><\/a><div class=\"destaca-filter-overlay\"><ul><li class=\"et_pb_portfolio_filter et_pb_portfolio_filter_all\"><a href=\"#\" class=\"active\" data-category-slug=\"all\">Alle<\/a><\/li><li class=\"et_pb_portfolio_filter\"><a href=\"#\" data-category-slug=\"sanierung\">Sanierung<\/a><\/li><li class=\"et_pb_portfolio_filter\"><a href=\"#\" data-category-slug=\"oeffentlich\">\u00d6ffentlich<\/a><\/li><li class=\"et_pb_portfolio_filter\"><a href=\"#\" data-category-slug=\"privat\">Privat<\/a><\/li><\/ul><\/div><\/div>\n\n\t\t\t\t<div class=\"et_pb_portfolio_items_wrapper clearfix\">\n\t\t\t\t\t<div class=\"et_pb_portfolio_items\">\t\t\t\t<div id=\"post-987497846\" class=\"et_pb_portfolio_item project_category_sanierung project_category_privat et_pb_filterable_portfolio_item_0_0  post-987497846 project type-project status-publish has-post-thumbnail hentry project_category-sanierung project_category-privat\">\n\t\t\t\t\t\t\t\t\t\t<a href=\"https:\/\/www.johanneswatschinger.it\/de\/project\/haus-wassermann-sexten\/\">\n\t\t\t\t\t\t\t<span class=\"et_portfolio_image\">\n\t\t\t\t\t\t\t\t<img loading=\"lazy\" decoding=\"async\" src=\"https:\/\/www.johanneswatschinger.it\/wp-content\/uploads\/2024\/05\/sanierung-haus-wassermann-sexten-hauptfassade-st-veit-weg-architekt-johannes-watschinger-20182021-und-2023-1080x720.jpg\" alt=\"Haus Wassermann Sexten\" class=\"\" width=\"1080\" height=\"9999\" srcset=\"https:\/\/www.johanneswatschinger.it\/wp-content\/uploads\/2024\/05\/sanierung-haus-wassermann-sexten-hauptfassade-st-veit-weg-architekt-johannes-watschinger-20182021-und-2023-980x654.jpg 980w, https:\/\/www.johanneswatschinger.it\/wp-content\/uploads\/2024\/05\/sanierung-haus-wassermann-sexten-hauptfassade-st-veit-weg-architekt-johannes-watschinger-20182021-und-2023-480x320.jpg 480w\" sizes=\"(min-width: 0px) and (max-width: 480px) 480px, (min-width: 481px) and (max-width: 980px) 980px, (min-width: 981px) 1080px, 100vw\" \/>\t\t\t\t\t\t\t\t<span class=\"et_overlay et_pb_inline_icon\" data-icon=\"\"><\/span>\t\t\t\t\t\t\t<\/span>\n\t\t\t\t\t\t<\/a>\n\t\t\t\t\t\t\t\t\t\t\t<div class=\"diep_metainfo text-top\">\n\t\t\t\t\t\t<h2 class=\"et_pb_module_header\"><a href=\"https:\/\/www.johanneswatschinger.it\/de\/project\/haus-wassermann-sexten\/\">Haus Wassermann Sexten<\/a><\/h2>              \t\t\t<\/div>\n              \t\t\t<div class=\"diep_metainfo text-bottom\">\n\t\t\t\t\t\t              \t\t\t<\/div>\n\t\t\t\t\t\t\t\t\t<\/div>\n\t\t\t\t\t\t\t\t<div id=\"post-390280\" class=\"et_pb_portfolio_item project_category_sanierung project_category_privat et_pb_filterable_portfolio_item_0_1  post-390280 project type-project status-publish has-post-thumbnail hentry project_category-sanierung project_category-privat\">\n\t\t\t\t\t\t\t\t\t\t<a href=\"https:\/\/www.johanneswatschinger.it\/de\/project\/haus-c-sexten\/\">\n\t\t\t\t\t\t\t<span class=\"et_portfolio_image\">\n\t\t\t\t\t\t\t\t<img loading=\"lazy\" decoding=\"async\" src=\"https:\/\/www.johanneswatschinger.it\/wp-content\/uploads\/2024\/05\/sanierung-haus-c-sexten-suedostansicht-architekt-johannes-watschinger-2014-1080x663.jpg\" alt=\"Haus C Sexten\" class=\"\" width=\"1080\" height=\"9999\" srcset=\"https:\/\/www.johanneswatschinger.it\/wp-content\/uploads\/2024\/05\/sanierung-haus-c-sexten-suedostansicht-architekt-johannes-watschinger-2014-980x602.jpg 980w, https:\/\/www.johanneswatschinger.it\/wp-content\/uploads\/2024\/05\/sanierung-haus-c-sexten-suedostansicht-architekt-johannes-watschinger-2014-480x295.jpg 480w\" sizes=\"(min-width: 0px) and (max-width: 480px) 480px, (min-width: 481px) and (max-width: 980px) 980px, (min-width: 981px) 1080px, 100vw\" \/>\t\t\t\t\t\t\t\t<span class=\"et_overlay et_pb_inline_icon\" data-icon=\"\"><\/span>\t\t\t\t\t\t\t<\/span>\n\t\t\t\t\t\t<\/a>\n\t\t\t\t\t\t\t\t\t\t\t<div class=\"diep_metainfo text-top\">\n\t\t\t\t\t\t<h2 class=\"et_pb_module_header\"><a href=\"https:\/\/www.johanneswatschinger.it\/de\/project\/haus-c-sexten\/\">Haus C Sexten<\/a><\/h2>              \t\t\t<\/div>\n              \t\t\t<div class=\"diep_metainfo text-bottom\">\n\t\t\t\t\t\t              \t\t\t<\/div>\n\t\t\t\t\t\t\t\t\t<\/div>\n\t\t\t\t\t\t\t\t<div id=\"post-390274\" class=\"et_pb_portfolio_item project_category_neubau project_category_privat et_pb_filterable_portfolio_item_0_2  post-390274 project type-project status-publish has-post-thumbnail hentry project_category-neubau project_category-privat\">\n\t\t\t\t\t\t\t\t\t\t<a href=\"https:\/\/www.johanneswatschinger.it\/de\/project\/haus-f-sexten\/\">\n\t\t\t\t\t\t\t<span class=\"et_portfolio_image\">\n\t\t\t\t\t\t\t\t<img loading=\"lazy\" decoding=\"async\" src=\"https:\/\/www.johanneswatschinger.it\/wp-content\/uploads\/2024\/05\/neubau-haus-f-sexten-suedostansicht-architekt-johannes-watschinger-2012-2013-1080x671.jpg\" alt=\"Haus F Sexten\" class=\"\" width=\"1080\" height=\"9999\" srcset=\"https:\/\/www.johanneswatschinger.it\/wp-content\/uploads\/2024\/05\/neubau-haus-f-sexten-suedostansicht-architekt-johannes-watschinger-2012-2013-980x609.jpg 980w, https:\/\/www.johanneswatschinger.it\/wp-content\/uploads\/2024\/05\/neubau-haus-f-sexten-suedostansicht-architekt-johannes-watschinger-2012-2013-480x298.jpg 480w\" sizes=\"(min-width: 0px) and (max-width: 480px) 480px, (min-width: 481px) and (max-width: 980px) 980px, (min-width: 981px) 1080px, 100vw\" \/>\t\t\t\t\t\t\t\t<span class=\"et_overlay et_pb_inline_icon\" data-icon=\"\"><\/span>\t\t\t\t\t\t\t<\/span>\n\t\t\t\t\t\t<\/a>\n\t\t\t\t\t\t\t\t\t\t\t<div class=\"diep_metainfo text-top\">\n\t\t\t\t\t\t<h2 class=\"et_pb_module_header\"><a href=\"https:\/\/www.johanneswatschinger.it\/de\/project\/haus-f-sexten\/\">Haus F Sexten<\/a><\/h2>              \t\t\t<\/div>\n              \t\t\t<div class=\"diep_metainfo text-bottom\">\n\t\t\t\t\t\t              \t\t\t<\/div>\n\t\t\t\t\t\t\t\t\t<\/div>\n\t\t\t\t\t\t\t\t<div id=\"post-987496260\" class=\"et_pb_portfolio_item project_category_neubau project_category_privat et_pb_filterable_portfolio_item_0_3  post-987496260 project type-project status-publish has-post-thumbnail hentry project_category-neubau project_category-privat\">\n\t\t\t\t\t\t\t\t\t\t<a href=\"https:\/\/www.johanneswatschinger.it\/de\/project\/kapelle-ingeringsee\/\">\n\t\t\t\t\t\t\t<span class=\"et_portfolio_image\">\n\t\t\t\t\t\t\t\t<img loading=\"lazy\" decoding=\"async\" src=\"https:\/\/www.johanneswatschinger.it\/wp-content\/uploads\/2024\/05\/neubau-kapelle-ingeringsee-modell-ansicht-eingangsseite-01-architekt-johannes-watschinger-2013-1080x771.jpg\" alt=\"Kapelle Ingeringsee\" class=\"\" width=\"1080\" height=\"9999\" srcset=\"https:\/\/www.johanneswatschinger.it\/wp-content\/uploads\/2024\/05\/neubau-kapelle-ingeringsee-modell-ansicht-eingangsseite-01-architekt-johannes-watschinger-2013-980x700.jpg 980w, https:\/\/www.johanneswatschinger.it\/wp-content\/uploads\/2024\/05\/neubau-kapelle-ingeringsee-modell-ansicht-eingangsseite-01-architekt-johannes-watschinger-2013-480x343.jpg 480w\" sizes=\"(min-width: 0px) and (max-width: 480px) 480px, (min-width: 481px) and (max-width: 980px) 980px, (min-width: 981px) 1080px, 100vw\" \/>\t\t\t\t\t\t\t\t<span class=\"et_overlay et_pb_inline_icon\" data-icon=\"\"><\/span>\t\t\t\t\t\t\t<\/span>\n\t\t\t\t\t\t<\/a>\n\t\t\t\t\t\t\t\t\t\t\t<div class=\"diep_metainfo text-top\">\n\t\t\t\t\t\t<h2 class=\"et_pb_module_header\"><a href=\"https:\/\/www.johanneswatschinger.it\/de\/project\/kapelle-ingeringsee\/\">Kapelle Ingeringsee<\/a><\/h2>              \t\t\t<\/div>\n              \t\t\t<div class=\"diep_metainfo text-bottom\">\n\t\t\t\t\t\t              \t\t\t<\/div>\n\t\t\t\t\t\t\t\t\t<\/div>\n\t\t\t\t\t\t\t\t<div id=\"post-987496280\" class=\"et_pb_portfolio_item project_category_sanierung project_category_oeffentlich et_pb_filterable_portfolio_item_0_4  post-987496280 project type-project status-publish has-post-thumbnail hentry project_category-sanierung project_category-oeffentlich\">\n\t\t\t\t\t\t\t\t\t\t<a href=\"https:\/\/www.johanneswatschinger.it\/de\/project\/museum-rudolf-stolz-sexten\/\">\n\t\t\t\t\t\t\t<span class=\"et_portfolio_image\">\n\t\t\t\t\t\t\t\t<img loading=\"lazy\" decoding=\"async\" src=\"https:\/\/www.johanneswatschinger.it\/wp-content\/uploads\/2024\/05\/sanierung-museum-rudolf-stolz-sexten-hauptraum-mit-galerie-1080x736.jpg\" alt=\"Museum Rudolf Stolz Sexten\" class=\"\" width=\"1080\" height=\"9999\" srcset=\"https:\/\/www.johanneswatschinger.it\/wp-content\/uploads\/2024\/05\/sanierung-museum-rudolf-stolz-sexten-hauptraum-mit-galerie-980x668.jpg 980w, https:\/\/www.johanneswatschinger.it\/wp-content\/uploads\/2024\/05\/sanierung-museum-rudolf-stolz-sexten-hauptraum-mit-galerie-480x327.jpg 480w\" sizes=\"(min-width: 0px) and (max-width: 480px) 480px, (min-width: 481px) and (max-width: 980px) 980px, (min-width: 981px) 1080px, 100vw\" \/>\t\t\t\t\t\t\t\t<span class=\"et_overlay et_pb_inline_icon\" data-icon=\"\"><\/span>\t\t\t\t\t\t\t<\/span>\n\t\t\t\t\t\t<\/a>\n\t\t\t\t\t\t\t\t\t\t\t<div class=\"diep_metainfo text-top\">\n\t\t\t\t\t\t<h2 class=\"et_pb_module_header\"><a href=\"https:\/\/www.johanneswatschinger.it\/de\/project\/museum-rudolf-stolz-sexten\/\">Museum Rudolf Stolz Sexten<\/a><\/h2>              \t\t\t<\/div>\n              \t\t\t<div class=\"diep_metainfo text-bottom\">\n\t\t\t\t\t\t              \t\t\t<\/div>\n\t\t\t\t\t\t\t\t\t<\/div>\n\t\t\t\t\t\t\t\t<div id=\"post-390295\" class=\"et_pb_portfolio_item project_category_neubau project_category_oeffentlich et_pb_filterable_portfolio_item_0_5  post-390295 project type-project status-publish has-post-thumbnail hentry project_category-neubau project_category-oeffentlich\">\n\t\t\t\t\t\t\t\t\t\t<a href=\"https:\/\/www.johanneswatschinger.it\/de\/project\/bibliothek-toblach\/\">\n\t\t\t\t\t\t\t<span class=\"et_portfolio_image\">\n\t\t\t\t\t\t\t\t<img loading=\"lazy\" decoding=\"async\" src=\"https:\/\/www.johanneswatschinger.it\/wp-content\/uploads\/2024\/05\/neubau-bibliothek-toblach-vorplatz-bibliothek-architekt-johannes-watschinger-2008-2010-1080x873.jpg\" alt=\"Bibliothek Toblach\" class=\"\" width=\"1080\" height=\"9999\" srcset=\"https:\/\/www.johanneswatschinger.it\/wp-content\/uploads\/2024\/05\/neubau-bibliothek-toblach-vorplatz-bibliothek-architekt-johannes-watschinger-2008-2010-980x792.jpg 980w, https:\/\/www.johanneswatschinger.it\/wp-content\/uploads\/2024\/05\/neubau-bibliothek-toblach-vorplatz-bibliothek-architekt-johannes-watschinger-2008-2010-480x388.jpg 480w\" sizes=\"(min-width: 0px) and (max-width: 480px) 480px, (min-width: 481px) and (max-width: 980px) 980px, (min-width: 981px) 1080px, 100vw\" \/>\t\t\t\t\t\t\t\t<span class=\"et_overlay et_pb_inline_icon\" data-icon=\"\"><\/span>\t\t\t\t\t\t\t<\/span>\n\t\t\t\t\t\t<\/a>\n\t\t\t\t\t\t\t\t\t\t\t<div class=\"diep_metainfo text-top\">\n\t\t\t\t\t\t<h2 class=\"et_pb_module_header\"><a href=\"https:\/\/www.johanneswatschinger.it\/de\/project\/bibliothek-toblach\/\">Bibliothek Toblach<\/a><\/h2>              \t\t\t<\/div>\n              \t\t\t<div class=\"diep_metainfo text-bottom\">\n\t\t\t\t\t\t              \t\t\t<\/div>\n\t\t\t\t\t\t\t\t\t<\/div>\n\t\t\t\t\t\t\t\t<div id=\"post-390226\" class=\"et_pb_portfolio_item project_category_neubau project_category_oeffentlich et_pb_filterable_portfolio_item_0_6  post-390226 project type-project status-publish has-post-thumbnail hentry project_category-neubau project_category-oeffentlich\">\n\t\t\t\t\t\t\t\t\t\t<a href=\"https:\/\/www.johanneswatschinger.it\/de\/project\/kindergarten-toblach\/\">\n\t\t\t\t\t\t\t<span class=\"et_portfolio_image\">\n\t\t\t\t\t\t\t\t<img loading=\"lazy\" decoding=\"async\" src=\"https:\/\/www.johanneswatschinger.it\/wp-content\/uploads\/2024\/05\/neubau-kindergarten-toblach-suedfassade-gartenseite-architekt-johannes-watschinger-2008-2009-1080x599.jpg\" alt=\"Kindergarten Toblach\" class=\"\" width=\"1080\" height=\"9999\" srcset=\"https:\/\/www.johanneswatschinger.it\/wp-content\/uploads\/2024\/05\/neubau-kindergarten-toblach-suedfassade-gartenseite-architekt-johannes-watschinger-2008-2009-980x543.jpg 980w, https:\/\/www.johanneswatschinger.it\/wp-content\/uploads\/2024\/05\/neubau-kindergarten-toblach-suedfassade-gartenseite-architekt-johannes-watschinger-2008-2009-480x266.jpg 480w\" sizes=\"(min-width: 0px) and (max-width: 480px) 480px, (min-width: 481px) and (max-width: 980px) 980px, (min-width: 981px) 1080px, 100vw\" \/>\t\t\t\t\t\t\t\t<span class=\"et_overlay et_pb_inline_icon\" data-icon=\"\"><\/span>\t\t\t\t\t\t\t<\/span>\n\t\t\t\t\t\t<\/a>\n\t\t\t\t\t\t\t\t\t\t\t<div class=\"diep_metainfo text-top\">\n\t\t\t\t\t\t<h2 class=\"et_pb_module_header\"><a href=\"https:\/\/www.johanneswatschinger.it\/de\/project\/kindergarten-toblach\/\">Kindergarten Toblach<\/a><\/h2>              \t\t\t<\/div>\n              \t\t\t<div class=\"diep_metainfo text-bottom\">\n\t\t\t\t\t\t              \t\t\t<\/div>\n\t\t\t\t\t\t\t\t\t<\/div>\n\t\t\t\t\t\t\t\t<div id=\"post-390287\" class=\"et_pb_portfolio_item project_category_neubau project_category_privat et_pb_filterable_portfolio_item_0_7  post-390287 project type-project status-publish has-post-thumbnail hentry project_category-neubau project_category-privat\">\n\t\t\t\t\t\t\t\t\t\t<a href=\"https:\/\/www.johanneswatschinger.it\/de\/project\/haus-b-sexten\/\">\n\t\t\t\t\t\t\t<span class=\"et_portfolio_image\">\n\t\t\t\t\t\t\t\t<img loading=\"lazy\" decoding=\"async\" src=\"https:\/\/www.johanneswatschinger.it\/wp-content\/uploads\/2024\/05\/neubau-haus-b-sexten-suedostansicht-architekt-johannes-watschinger-2006-2008-1080x810.jpg\" alt=\"Haus B Sexten\" class=\"\" width=\"1080\" height=\"9999\" srcset=\"https:\/\/www.johanneswatschinger.it\/wp-content\/uploads\/2024\/05\/neubau-haus-b-sexten-suedostansicht-architekt-johannes-watschinger-2006-2008-980x735.jpg 980w, https:\/\/www.johanneswatschinger.it\/wp-content\/uploads\/2024\/05\/neubau-haus-b-sexten-suedostansicht-architekt-johannes-watschinger-2006-2008-480x360.jpg 480w\" sizes=\"(min-width: 0px) and (max-width: 480px) 480px, (min-width: 481px) and (max-width: 980px) 980px, (min-width: 981px) 1080px, 100vw\" \/>\t\t\t\t\t\t\t\t<span class=\"et_overlay et_pb_inline_icon\" data-icon=\"\"><\/span>\t\t\t\t\t\t\t<\/span>\n\t\t\t\t\t\t<\/a>\n\t\t\t\t\t\t\t\t\t\t\t<div class=\"diep_metainfo text-top\">\n\t\t\t\t\t\t<h2 class=\"et_pb_module_header\"><a href=\"https:\/\/www.johanneswatschinger.it\/de\/project\/haus-b-sexten\/\">Haus B Sexten<\/a><\/h2>              \t\t\t<\/div>\n              \t\t\t<div class=\"diep_metainfo text-bottom\">\n\t\t\t\t\t\t              \t\t\t<\/div>\n\t\t\t\t\t\t\t\t\t<\/div>\n\t\t\t\t\t\t\t\t<div id=\"post-389902\" class=\"et_pb_portfolio_item project_category_neubau project_category_oeffentlich et_pb_filterable_portfolio_item_0_8  post-389902 project type-project status-publish has-post-thumbnail hentry project_category-neubau project_category-oeffentlich\">\n\t\t\t\t\t\t\t\t\t\t<a href=\"https:\/\/www.johanneswatschinger.it\/de\/project\/auferstehungskapelle-friedhof-sexten\/\">\n\t\t\t\t\t\t\t<span class=\"et_portfolio_image\">\n\t\t\t\t\t\t\t\t<img loading=\"lazy\" decoding=\"async\" src=\"https:\/\/www.johanneswatschinger.it\/wp-content\/uploads\/2024\/05\/neubau-kapelle-friedhof-sexten-kapellenraum-mit-fresko-und-glaswand-architekt-johannes-watschinger-2001-2003-1080x778.jpg\" alt=\"Auferstehungskapelle Friedhof Sexten\" class=\"\" width=\"1080\" height=\"9999\" srcset=\"https:\/\/www.johanneswatschinger.it\/wp-content\/uploads\/2024\/05\/neubau-kapelle-friedhof-sexten-kapellenraum-mit-fresko-und-glaswand-architekt-johannes-watschinger-2001-2003-980x706.jpg 980w, https:\/\/www.johanneswatschinger.it\/wp-content\/uploads\/2024\/05\/neubau-kapelle-friedhof-sexten-kapellenraum-mit-fresko-und-glaswand-architekt-johannes-watschinger-2001-2003-480x346.jpg 480w\" sizes=\"(min-width: 0px) and (max-width: 480px) 480px, (min-width: 481px) and (max-width: 980px) 980px, (min-width: 981px) 1080px, 100vw\" \/>\t\t\t\t\t\t\t\t<span class=\"et_overlay et_pb_inline_icon\" data-icon=\"\"><\/span>\t\t\t\t\t\t\t<\/span>\n\t\t\t\t\t\t<\/a>\n\t\t\t\t\t\t\t\t\t\t\t<div class=\"diep_metainfo text-top\">\n\t\t\t\t\t\t<h2 class=\"et_pb_module_header\"><a href=\"https:\/\/www.johanneswatschinger.it\/de\/project\/auferstehungskapelle-friedhof-sexten\/\">Auferstehungskapelle Friedhof Sexten<\/a><\/h2>              \t\t\t<\/div>\n              \t\t\t<div class=\"diep_metainfo text-bottom\">\n\t\t\t\t\t\t              \t\t\t<\/div>\n\t\t\t\t\t\t\t\t\t<\/div>\n\t\t\t\t<\/div>\n\t\t\t\t<\/div>\n\t\t\t\t<div class=\"et_pb_portofolio_pagination \"><\/div>\n\t\t\t<\/div>\n\t\t\t\t<\/div>\n\t\t\t<\/div><\/p>\n","protected":false},"author":2,"featured_media":0,"parent":0,"menu_order":0,"comment_status":"closed","ping_status":"closed","template":"","meta":{"_et_pb_use_builder":"on","_et_pb_old_content":"","_et_gb_content_width":"","rank_math_lock_modified_date":false,"footnotes":""},"class_list":["post-390656","page","type-page","status-publish","hentry"],"acf":[],"_links":{"self":[{"href":"https:\/\/www.johanneswatschinger.it\/de\/wp-json\/wp\/v2\/pages\/390656"}],"collection":[{"href":"https:\/\/www.johanneswatschinger.it\/de\/wp-json\/wp\/v2\/pages"}],"about":[{"href":"https:\/\/www.johanneswatschinger.it\/de\/wp-json\/wp\/v2\/types\/page"}],"author":[{"embeddable":true,"href":"https:\/\/www.johanneswatschinger.it\/de\/wp-json\/wp\/v2\/users\/2"}],"replies":[{"embeddable":true,"href":"https:\/\/www.johanneswatschinger.it\/de\/wp-json\/wp\/v2\/comments?post=390656"}],"version-history":[{"count":11,"href":"https:\/\/www.johanneswatschinger.it\/de\/wp-json\/wp\/v2\/pages\/390656\/revisions"}],"predecessor-version":[{"id":987499071,"href":"https:\/\/www.johanneswatschinger.it\/de\/wp-json\/wp\/v2\/pages\/390656\/revisions\/987499071"}],"wp:attachment":[{"href":"https:\/\/www.johanneswatschinger.it\/de\/wp-json\/wp\/v2\/media?parent=390656"}],"curies":[{"name":"wp","href":"https:\/\/api.w.org\/{rel}","templated":true}]}}