{"id":390731,"date":"2024-04-23T14:29:57","date_gmt":"2024-04-23T12:29:57","guid":{"rendered":"https:\/\/johanneswatschinger.it\/?page_id=390731"},"modified":"2024-08-08T14:37:43","modified_gmt":"2024-08-08T12:37:43","slug":"architekturstudio-sexten","status":"publish","type":"page","link":"https:\/\/www.johanneswatschinger.it\/de\/","title":{"rendered":"Architekturstudio Sexten"},"content":{"rendered":"<p>[et_pb_section fb_built=&#8221;1&#8243; fullwidth=&#8221;on&#8221; _builder_version=&#8221;4.27.0&#8243; _module_preset=&#8221;default&#8221; max_height_last_edited=&#8221;off|tablet&#8221; custom_margin=&#8221;0px||||false|false&#8221; custom_margin_tablet=&#8221;0px||||false|false&#8221; custom_margin_phone=&#8221;80px||||false|false&#8221; custom_margin_last_edited=&#8221;on|phone&#8221; locked=&#8221;off&#8221; global_colors_info=&#8221;{}&#8221;][et_pb_nextend_smart_slider_3_fullwidth slider=&#8221;14&#8243; disabled_on=&#8221;on|off|off&#8221; _builder_version=&#8221;4.27.0&#8243; _module_preset=&#8221;default&#8221; global_colors_info=&#8221;{}&#8221;][\/et_pb_nextend_smart_slider_3_fullwidth][et_pb_nextend_smart_slider_3_fullwidth slider=&#8221;26&#8243; disabled_on=&#8221;off|on|on&#8221; _builder_version=&#8221;4.27.0&#8243; _module_preset=&#8221;default&#8221; global_colors_info=&#8221;{}&#8221;][\/et_pb_nextend_smart_slider_3_fullwidth][\/et_pb_section][et_pb_section fb_built=&#8221;1&#8243; _builder_version=&#8221;4.27.0&#8243; _module_preset=&#8221;default&#8221; custom_margin=&#8221;80px||||false|false&#8221; custom_margin_tablet=&#8221;60px||||false|false&#8221; custom_margin_phone=&#8221;0px||||false|false&#8221; custom_margin_last_edited=&#8221;on|phone&#8221; saved_tabs=&#8221;all&#8221; global_colors_info=&#8221;{}&#8221;][et_pb_row _builder_version=&#8221;4.25.1&#8243; _module_preset=&#8221;default&#8221; width=&#8221;90%&#8221; max_width=&#8221;1170px&#8221; custom_padding=&#8221;||||false|false&#8221; global_colors_info=&#8221;{}&#8221;][et_pb_column type=&#8221;4_4&#8243; _builder_version=&#8221;4.25.1&#8243; _module_preset=&#8221;default&#8221; global_colors_info=&#8221;{}&#8221;][et_pb_text _builder_version=&#8221;4.27.0&#8243; _module_preset=&#8221;195e75ea-af5e-4c92-b0a4-77d1dd591f33&#8243; text_font_size=&#8221;20px&#8221; header_font_size=&#8221;46px&#8221; max_width=&#8221;80%&#8221; max_width_tablet=&#8221;80%&#8221; max_width_phone=&#8221;90%&#8221; max_width_last_edited=&#8221;on|desktop&#8221; text_font_size_tablet=&#8221;18px&#8221; text_font_size_phone=&#8221;18px&#8221; text_font_size_last_edited=&#8221;on|tablet&#8221; text_line_height_tablet=&#8221;1.8em&#8221; text_line_height_phone=&#8221;1.8em&#8221; header_font_size_tablet=&#8221;34px&#8221; header_font_size_phone=&#8221;28px&#8221; global_colors_info=&#8221;{}&#8221;]<\/p>\n<h1>\u201eBauen ist Bewusstsein: f\u00fcr den Menschen \u2013 f\u00fcr den Ort \u2013 f\u00fcr den Raum.\u201c<\/h1>\n<p>&nbsp;<\/p>\n<p>Das Architekturstudio Johannes Watschinger in Sexten (BZ) besch\u00e4ftigt sich haupts\u00e4chlich mit der Planung von privaten und \u00f6ffentlichen Bauaufgaben, mit Sanierung und Revitalisierung sowie mit Einrichtungs- und Ausstellungsgestaltungen.<\/p>\n<p>[\/et_pb_text][\/et_pb_column][\/et_pb_row][\/et_pb_section][et_pb_section fb_built=&#8221;1&#8243; admin_label=&#8221;OBlurb V8 &#8211; Olena&#8221; module_class=&#8221;olena_blurb_v8&#8243; _builder_version=&#8221;4.18.0&#8243; _module_preset=&#8221;default&#8221; custom_padding=&#8221;0px||0px||true|false&#8221; locked=&#8221;off&#8221; global_colors_info=&#8221;{}&#8221;][et_pb_row column_structure=&#8221;1_3,1_3,1_3&#8243; use_custom_gutter=&#8221;on&#8221; gutter_width=&#8221;1&#8243; admin_label=&#8221;OBlurb V8 &#8211; Olena &#8211; Row&#8221; _builder_version=&#8221;4.18.0&#8243; _module_preset=&#8221;default&#8221; width=&#8221;100%&#8221; max_width=&#8221;100%&#8221; custom_padding=&#8221;0px||0px||true|false&#8221; custom_css_main_element=&#8221;    width: 100% !important;||    margin-right: 0 !important;||    margin-bottom: 0;&#8221; global_colors_info=&#8221;{}&#8221;][et_pb_column type=&#8221;1_3&#8243; _builder_version=&#8221;4.17.6&#8243; _module_preset=&#8221;default&#8221; global_colors_info=&#8221;{}&#8221; custom_css_main_element_last_edited=&#8221;on|tablet&#8221; custom_css_main_element_tablet=&#8221;    width: 33.33% !important;||    margin-right: 0 !important;||    margin-bottom: 0;&#8221; custom_css_main_element_phone=&#8221;    width: 100% !important;||    margin-right: 0 !important;||    margin-bottom: 0;&#8221;][et_pb_blurb title=&#8221;Portfolio&#8221; image=&#8221;https:\/\/www.johanneswatschinger.it\/wp-content\/uploads\/2024\/06\/olena-blurb8-image1.jpg&#8221; content_max_width=&#8221;100%&#8221; admin_label=&#8221;OBlurb V8 &#8211; Olena &#8211; Blurb &#8211; Image size:750x997px&#8221; _builder_version=&#8221;4.25.1&#8243; _dynamic_attributes=&#8221;link_option_url&#8221; _module_preset=&#8221;default&#8221; header_level=&#8221;h2&#8243; header_font=&#8221;SpaceGrotesk-Medium|||on|||||&#8221; header_text_color=&#8221;#161514&#8243; header_font_size=&#8221;50px&#8221; header_line_height=&#8221;120%&#8221; body_font_size=&#8221;0px&#8221; animation=&#8221;off&#8221; link_option_url=&#8221;@ET-DC@eyJkeW5hbWljIjp0cnVlLCJjb250ZW50IjoicG9zdF9saW5rX3VybF9wYWdlIiwic2V0dGluZ3MiOnsicG9zdF9pZCI6IjM5MDY1NiJ9fQ==@&#8221; header_font_size_tablet=&#8221;30px&#8221; header_font_size_phone=&#8221;30px&#8221; header_font_size_last_edited=&#8221;on|tablet&#8221; custom_css_before=&#8221;    content: %22%22;||    display: block;||    width: 100%;||    height: 100%;||    position: absolute;||    left: 0;||    top: 0;||    z-index: 15;||    background-color: #fff;||    transform-origin: bottom right;||    border-radius: 0%;||transition:0.3s;||opacity: 0;&#8221; custom_css_main_element=&#8221;overflow: hidden;&#8221; custom_css_after=&#8221;    content: %22%22;||    display: block;||    right: 0;||    bottom: 0;||    position: absolute;||    left: 0;||    top: 0;||    z-index: 18;||    border-style: solid;||border-color: #000;||   border-width: 1px;||    transform-origin: center;||    border-radius: 0%;||    transition: 0.3s;||opacity: 0;&#8221; custom_css_blurb_image=&#8221;margin-bottom: 0;||display: block;&#8221; custom_css_blurb_title=&#8221;position: absolute;||top: 50%;||left: 0;||width: 100%;||text-align: center;||    padding: 0 10px;||    z-index: 16;||    transition: 0.3s;||    transform-origin: center;||    transform: translate(0,-50%) scaleY(0);||transition-delay: 0s;&#8221; global_colors_info=&#8221;{}&#8221; custom_css_before__hover_enabled=&#8221;on|hover&#8221; custom_css_before__hover=&#8221;    content: %22%22;||    display: block;||    width: 100%;||    height: 100%;||    position: absolute;||    left: 0;||    top: 0;||    z-index: 15;||    background-color: #fff;||    transform-origin: bottom right;||    border-radius: 0%;||transition:0.3s;||opacity: 0.8;&#8221; custom_css_blurb_title__hover_enabled=&#8221;off|desktop&#8221; custom_css_after__hover_enabled=&#8221;on|hover&#8221; custom_css_after__hover=&#8221;    content: %22%22;||    display: block;||    right: 0;||    bottom: 0;||    position: absolute;||    left: 0;||    top: 0;||    z-index: 18;||    border-style: solid;||border-color: #000;||   border-width: 1px;||    transform-origin: center;||    border-radius: 0%;||    transition: 0.3s;||  opacity: 1;&#8221;]<\/p>\n<p>arrow<\/p>\n<p>[\/et_pb_blurb][\/et_pb_column][et_pb_column type=&#8221;1_3&#8243; _builder_version=&#8221;4.17.6&#8243; _module_preset=&#8221;default&#8221; global_colors_info=&#8221;{}&#8221; custom_css_main_element_last_edited=&#8221;on|tablet&#8221; custom_css_main_element_tablet=&#8221;    width: 33.33% !important;||    margin-right: 0 !important;||    margin-bottom: 0;&#8221; custom_css_main_element_phone=&#8221;    width: 100% !important;||    margin-right: 0 !important;||    margin-bottom: 0;&#8221;][et_pb_blurb title=&#8221;Profil&#8221; image=&#8221;https:\/\/www.johanneswatschinger.it\/wp-content\/uploads\/2024\/06\/olena-blurb8-image2.jpg&#8221; content_max_width=&#8221;100%&#8221; admin_label=&#8221;OBlurb V8 &#8211; Olena &#8211; Blurb &#8211; Image size:750x997px&#8221; _builder_version=&#8221;4.25.1&#8243; _dynamic_attributes=&#8221;link_option_url&#8221; _module_preset=&#8221;default&#8221; header_level=&#8221;h2&#8243; header_font=&#8221;SpaceGrotesk-Medium|||on|||||&#8221; header_text_color=&#8221;#161514&#8243; header_font_size=&#8221;50px&#8221; header_line_height=&#8221;120%&#8221; body_font_size=&#8221;0px&#8221; animation=&#8221;off&#8221; link_option_url=&#8221;@ET-DC@eyJkeW5hbWljIjp0cnVlLCJjb250ZW50IjoicG9zdF9saW5rX3VybF9wYWdlIiwic2V0dGluZ3MiOnsicG9zdF9pZCI6Ijk4NzQ5NjcwNiJ9fQ==@&#8221; header_font_size_tablet=&#8221;30px&#8221; header_font_size_phone=&#8221;30px&#8221; header_font_size_last_edited=&#8221;on|tablet&#8221; custom_css_before=&#8221;    content: %22%22;||    display: block;||    width: 100%;||    height: 100%;||    position: absolute;||    left: 0;||    top: 0;||    z-index: 15;||    background-color: #fff;||    transform-origin: bottom right;||    border-radius: 0%;||transition:0.3s;||opacity: 0;&#8221; custom_css_main_element=&#8221;overflow: hidden;&#8221; custom_css_after=&#8221;    content: %22%22;||    display: block;||    right: 0;||    bottom: 0;||    position: absolute;||    left: 0;||    top: 0;||    z-index: 18;||    border-style: solid;||border-color: #000;||   border-width: 1px;||    transform-origin: center;||    border-radius: 0%;||    transition: 0.3s;||opacity: 0;&#8221; custom_css_blurb_image=&#8221;margin-bottom: 0;||display: block;&#8221; custom_css_blurb_title=&#8221;position: absolute;||top: 50%;||left: 0;||width: 100%;||text-align: center;||    padding: 0 10px;||    z-index: 16;||    transition: 0.3s;||    transform-origin: center;||    transform: translate(0,-50%) scaleY(0);||transition-delay: 0s;&#8221; global_colors_info=&#8221;{}&#8221; custom_css_before__hover_enabled=&#8221;on|hover&#8221; custom_css_before__hover=&#8221;    content: %22%22;||    display: block;||    width: 100%;||    height: 100%;||    position: absolute;||    left: 0;||    top: 0;||    z-index: 15;||    background-color: #fff;||    transform-origin: bottom right;||    border-radius: 0%;||transition:0.3s;||opacity: 0.8;&#8221; custom_css_blurb_title__hover_enabled=&#8221;off|desktop&#8221; custom_css_after__hover_enabled=&#8221;on|hover&#8221; custom_css_after__hover=&#8221;    content: %22%22;||    display: block;||    right: 0;||    bottom: 0;||    position: absolute;||    left: 0;||    top: 0;||    z-index: 18;||    border-style: solid;||border-color: #000;||   border-width: 1px;||    transform-origin: center;||    border-radius: 0%;||    transition: 0.3s;||  opacity: 1;&#8221;]<\/p>\n<p>arrow<\/p>\n<p>[\/et_pb_blurb][\/et_pb_column][et_pb_column type=&#8221;1_3&#8243; _builder_version=&#8221;4.17.6&#8243; _module_preset=&#8221;default&#8221; global_colors_info=&#8221;{}&#8221; custom_css_main_element_last_edited=&#8221;on|phone&#8221; custom_css_main_element_tablet=&#8221;    width: 33.33% !important;||    margin-right: 0 !important;||    margin-bottom: 0;&#8221; custom_css_main_element_phone=&#8221;    width: 100% !important;||    margin-right: 0 !important;||    margin-bottom: 0;&#8221;][et_pb_blurb title=&#8221;Kontakt&#8221; image=&#8221;https:\/\/www.johanneswatschinger.it\/wp-content\/uploads\/2024\/06\/olena-blurb8-image3.jpg&#8221; content_max_width=&#8221;100%&#8221; admin_label=&#8221;OBlurb V8 &#8211; Olena &#8211; Blurb &#8211; Image size:750x997px&#8221; _builder_version=&#8221;4.25.1&#8243; _dynamic_attributes=&#8221;link_option_url&#8221; _module_preset=&#8221;default&#8221; header_level=&#8221;h2&#8243; header_font=&#8221;SpaceGrotesk-Medium|||on|||||&#8221; header_text_color=&#8221;#161514&#8243; header_font_size=&#8221;50px&#8221; header_line_height=&#8221;120%&#8221; body_font_size=&#8221;0px&#8221; animation=&#8221;off&#8221; link_option_url=&#8221;@ET-DC@eyJkeW5hbWljIjp0cnVlLCJjb250ZW50IjoicG9zdF9saW5rX3VybF9wYWdlIiwic2V0dGluZ3MiOnsicG9zdF9pZCI6IjM5MDk1MSJ9fQ==@&#8221; header_font_size_tablet=&#8221;30px&#8221; header_font_size_phone=&#8221;30px&#8221; header_font_size_last_edited=&#8221;on|tablet&#8221; custom_css_before=&#8221;    content: %22%22;||    display: block;||    width: 100%;||    height: 100%;||    position: absolute;||    left: 0;||    top: 0;||    z-index: 15;||    background-color: #fff;||    transform-origin: bottom right;||    border-radius: 0%;||transition:0.3s;||opacity: 0;&#8221; custom_css_main_element=&#8221;overflow: hidden;&#8221; custom_css_after=&#8221;    content: %22%22;||    display: block;||    right: 0;||    bottom: 0;||    position: absolute;||    left: 0;||    top: 0;||    z-index: 18;||    border-style: solid;||border-color: #000;||   border-width: 1px;||    transform-origin: center;||    border-radius: 0%;||    transition: 0.3s;||opacity: 0;&#8221; custom_css_blurb_image=&#8221;margin-bottom: 0;||display: block;&#8221; custom_css_blurb_title=&#8221;position: absolute;||top: 50%;||left: 0;||width: 100%;||text-align: center;||    padding: 0 10px;||    z-index: 16;||    transition: 0.3s;||    transform-origin: center;||    transform: translate(0,-50%) scaleY(0);||transition-delay: 0s;&#8221; global_colors_info=&#8221;{}&#8221; custom_css_before__hover_enabled=&#8221;on|hover&#8221; custom_css_before__hover=&#8221;    content: %22%22;||    display: block;||    width: 100%;||    height: 100%;||    position: absolute;||    left: 0;||    top: 0;||    z-index: 15;||    background-color: #fff;||    transform-origin: bottom right;||    border-radius: 0%;||transition:0.3s;||opacity: 0.8;&#8221; custom_css_blurb_title__hover_enabled=&#8221;off|desktop&#8221; custom_css_after__hover_enabled=&#8221;on|hover&#8221; custom_css_after__hover=&#8221;    content: %22%22;||    display: block;||    right: 0;||    bottom: 0;||    position: absolute;||    left: 0;||    top: 0;||    z-index: 18;||    border-style: solid;||border-color: #000;||   border-width: 1px;||    transform-origin: center;||    border-radius: 0%;||    transition: 0.3s;||  opacity: 1;&#8221;]<\/p>\n<p>arrow<\/p>\n<p>[\/et_pb_blurb][\/et_pb_column][\/et_pb_row][\/et_pb_section]<\/p>\n","protected":false},"excerpt":{"rendered":"<p>\u201eBauen ist Bewusstsein: f\u00fcr den Menschen \u2013 f\u00fcr den Ort \u2013 f\u00fcr den Raum.\u201c &nbsp; Das Architekturstudio Johannes Watschinger in Sexten (BZ) besch\u00e4ftigt sich haupts\u00e4chlich mit der Planung von privaten und \u00f6ffentlichen Bauaufgaben, mit Sanierung und Revitalisierung sowie mit Einrichtungs- und Ausstellungsgestaltungen.arrowarrowarrow<\/p>\n","protected":false},"author":2,"featured_media":0,"parent":0,"menu_order":0,"comment_status":"closed","ping_status":"closed","template":"","meta":{"_et_pb_use_builder":"on","_et_pb_old_content":"","_et_gb_content_width":"","rank_math_lock_modified_date":false,"footnotes":""},"class_list":["post-390731","page","type-page","status-publish","hentry"],"acf":[],"_links":{"self":[{"href":"https:\/\/www.johanneswatschinger.it\/de\/wp-json\/wp\/v2\/pages\/390731"}],"collection":[{"href":"https:\/\/www.johanneswatschinger.it\/de\/wp-json\/wp\/v2\/pages"}],"about":[{"href":"https:\/\/www.johanneswatschinger.it\/de\/wp-json\/wp\/v2\/types\/page"}],"author":[{"embeddable":true,"href":"https:\/\/www.johanneswatschinger.it\/de\/wp-json\/wp\/v2\/users\/2"}],"replies":[{"embeddable":true,"href":"https:\/\/www.johanneswatschinger.it\/de\/wp-json\/wp\/v2\/comments?post=390731"}],"version-history":[{"count":10,"href":"https:\/\/www.johanneswatschinger.it\/de\/wp-json\/wp\/v2\/pages\/390731\/revisions"}],"predecessor-version":[{"id":987499065,"href":"https:\/\/www.johanneswatschinger.it\/de\/wp-json\/wp\/v2\/pages\/390731\/revisions\/987499065"}],"wp:attachment":[{"href":"https:\/\/www.johanneswatschinger.it\/de\/wp-json\/wp\/v2\/media?parent=390731"}],"curies":[{"name":"wp","href":"https:\/\/api.w.org\/{rel}","templated":true}]}}