{"id":987496706,"date":"2024-06-12T17:35:37","date_gmt":"2024-06-12T15:35:37","guid":{"rendered":"https:\/\/johanneswatschinger.it\/?page_id=987496706"},"modified":"2024-08-01T10:26:10","modified_gmt":"2024-08-01T08:26:10","slug":"profil","status":"publish","type":"page","link":"https:\/\/www.johanneswatschinger.it\/de\/profil\/","title":{"rendered":"Profil"},"content":{"rendered":"<p>[et_pb_section fb_built=&#8221;1&#8243; _builder_version=&#8221;4.24.3&#8243; _module_preset=&#8221;default&#8221; custom_margin=&#8221;80px||||false|false&#8221; saved_tabs=&#8221;all&#8221; locked=&#8221;off&#8221; global_colors_info=&#8221;{}&#8221;][et_pb_row _builder_version=&#8221;4.25.1&#8243; _module_preset=&#8221;default&#8221; width=&#8221;90%&#8221; max_width=&#8221;1170px&#8221; custom_padding=&#8221;||||false|false&#8221; global_colors_info=&#8221;{}&#8221;][et_pb_column type=&#8221;4_4&#8243; _builder_version=&#8221;4.25.1&#8243; _module_preset=&#8221;default&#8221; global_colors_info=&#8221;{}&#8221;][et_pb_text _builder_version=&#8221;4.27.0&#8243; _module_preset=&#8221;195e75ea-af5e-4c92-b0a4-77d1dd591f33&#8243; global_colors_info=&#8221;{}&#8221;]<\/p>\n<h1>Profil<\/h1>\n<p>[\/et_pb_text][\/et_pb_column][\/et_pb_row][et_pb_row column_structure=&#8221;1_3,2_3&#8243; _builder_version=&#8221;4.25.1&#8243; _module_preset=&#8221;default&#8221; width=&#8221;90%&#8221; max_width=&#8221;1170px&#8221; custom_padding=&#8221;||||false|false&#8221; global_colors_info=&#8221;{}&#8221;][et_pb_column type=&#8221;1_3&#8243; _builder_version=&#8221;4.25.1&#8243; _module_preset=&#8221;default&#8221; global_colors_info=&#8221;{}&#8221;][et_pb_image src=&#8221;https:\/\/www.johanneswatschinger.it\/wp-content\/uploads\/2024\/07\/architekt-johannes-watschinger-sexten-bz-portraet.jpg&#8221; alt=&#8221;Portr\u00e4t von Architekt Johannes Watschinger, Sexten, Hochpustertal (BZ)&#8221; title_text=&#8221;Architekt Johannes Watschinger, Sexten, Hochpustertal (BZ)&#8221; _builder_version=&#8221;4.27.0&#8243; _module_preset=&#8221;default&#8221; global_colors_info=&#8221;{}&#8221;][\/et_pb_image][et_pb_text _builder_version=&#8221;4.27.0&#8243; _module_preset=&#8221;195e75ea-af5e-4c92-b0a4-77d1dd591f33&#8243; global_colors_info=&#8221;{}&#8221;]<\/p>\n<blockquote><p>\u201eBeim Bauen geht es um einen bewussten Umgang mit den Bed\u00fcrfnissen und Anspr\u00fcchen der Auftraggeber und um die Auseinandersetzung mit dem Ort, in dem das Gebaute eingef\u00fcgt wird.\u201c<\/p><\/blockquote>\n<p>[\/et_pb_text][\/et_pb_column][et_pb_column type=&#8221;2_3&#8243; _builder_version=&#8221;4.25.1&#8243; _module_preset=&#8221;default&#8221; global_colors_info=&#8221;{}&#8221;][et_pb_text _builder_version=&#8221;4.27.0&#8243; _module_preset=&#8221;195e75ea-af5e-4c92-b0a4-77d1dd591f33&#8243; global_colors_info=&#8221;{}&#8221;]<\/p>\n<h2>Das Architekturstudio<\/h2>\n<p>Das Architekturstudio Johannes Watschinger im Hochpustertal in Sexten (BZ) besch\u00e4ftigt sich haupts\u00e4chlich mit der Planung von privaten und \u00f6ffentlichen Bauaufgaben, mit Sanierung und Revitalisierung sowie mit Einrichtungs- und Ausstellungsgestaltungen.<\/p>\n<p>Daneben werden Machbarkeitsstudien und urbanistische Pl\u00e4ne erstellt. Die Bauausf\u00fchrung wird mit der Bauleitung und Abrechnung begleitet. F\u00fcr die energetische Geb\u00e4udezertifizierung werden die Unterlagen nach KlimaHaus-Standard bereitgestellt.<\/p>\n<p>[\/et_pb_text][\/et_pb_column][\/et_pb_row][et_pb_row column_structure=&#8221;1_3,2_3&#8243; _builder_version=&#8221;4.25.1&#8243; _module_preset=&#8221;default&#8221; width=&#8221;90%&#8221; max_width=&#8221;1170px&#8221; custom_padding=&#8221;||||false|false&#8221; global_colors_info=&#8221;{}&#8221;][et_pb_column type=&#8221;1_3&#8243; _builder_version=&#8221;4.25.1&#8243; _module_preset=&#8221;default&#8221; global_colors_info=&#8221;{}&#8221;][et_pb_text _builder_version=&#8221;4.27.0&#8243; _module_preset=&#8221;195e75ea-af5e-4c92-b0a4-77d1dd591f33&#8243; locked=&#8221;off&#8221; global_colors_info=&#8221;{}&#8221;]<\/p>\n<h3>Leistungen<\/h3>\n<p>[\/et_pb_text][\/et_pb_column][et_pb_column type=&#8221;2_3&#8243; _builder_version=&#8221;4.25.1&#8243; _module_preset=&#8221;default&#8221; global_colors_info=&#8221;{}&#8221;][et_pb_text _builder_version=&#8221;4.27.0&#8243; _module_preset=&#8221;195e75ea-af5e-4c92-b0a4-77d1dd591f33&#8243; locked=&#8221;off&#8221; global_colors_info=&#8221;{}&#8221;]<\/p>\n<h4>Sanierung<\/h4>\n<p>Im Mittelpunkt der architektonischen Arbeit stehen Sanierung und Revitalisierung bestehender Bausubstanz. Weiterbauen am Bestand und Transformation erscheinen in der Zeit intensiver Nachhaltigkeitsdiskussionen als vern\u00fcnftig.<\/p>\n<p>&nbsp;<\/p>\n<h4>Neubau<\/h4>\n<p>Bei der Planung eines Neubaus wird das Ziel verfolgt, ein zeitloses Geb\u00e4ude zu errichten.<br \/>Dabei werden funktionale und flexible L\u00f6sungen angestrebt, die in eine einfache Form und in eine zeitlose \u00c4sthetik umgesetzt werden. Es werden dauerhafte Materialien verwendet und auf eine energieeffiziente Ausf\u00fchrung wird Wert gelegt.<\/p>\n<p>&nbsp;<\/p>\n<h4>Inneneinrichtung<\/h4>\n<p>Die Gestaltung der Inneneinrichtung erg\u00e4nzt die Planung f\u00fcr Sanierung und\/oder Neubau. Es wird auf eine zeitlose \u00c4sthetik und auf gut verarbeitete Materialien Wert gelegt.<\/p>\n<p>&nbsp;<\/p>\n<h4>Ausstellungsgestaltung<\/h4>\n<p>Teil der T\u00e4tigkeit ist auch die Gestaltung von Ausstellungen im Museum Rudolf Stolz in Sexten (BZ) seit 2005. Zum jeweiligen Thema werden Konzepte erarbeitet und die Gestaltung nimmt auf die ausgestellten Kunstwerke Bezug, so dass eine ansprechende und ausgewogene Pr\u00e4sentation erreicht wird.<\/p>\n<p>&nbsp;<\/p>\n<h4>Weitere Leistungen<\/h4>\n<ul>\n<li>Machbarkeitsstudien<\/li>\n<li>Bauleitung und Abrechnung<\/li>\n<li>KlimaHaus-Berechnungen<\/li>\n<li>Urbanistische Planung<\/li>\n<\/ul>\n<p>[\/et_pb_text][et_pb_button button_url=&#8221;@ET-DC@eyJkeW5hbWljIjp0cnVlLCJjb250ZW50IjoicG9zdF9saW5rX3VybF9wYWdlIiwic2V0dGluZ3MiOnsicG9zdF9pZCI6IjM5MDY1NiJ9fQ==@&#8221; button_text=&#8221;Zum Portfolio&#8221; _builder_version=&#8221;4.25.1&#8243; _dynamic_attributes=&#8221;button_url&#8221; _module_preset=&#8221;default&#8221; custom_button=&#8221;on&#8221; button_text_color=&#8221;#000000&#8243; button_font=&#8221;SpaceGrotesk-Regular||||||||&#8221; global_colors_info=&#8221;{}&#8221;][\/et_pb_button][\/et_pb_column][\/et_pb_row][\/et_pb_section][et_pb_section fb_built=&#8221;1&#8243; _builder_version=&#8221;4.27.0&#8243; _module_preset=&#8221;default&#8221; custom_margin=&#8221;||||false|false&#8221; custom_margin_tablet=&#8221;||||false|false&#8221; custom_margin_phone=&#8221;||||false|false&#8221; custom_margin_last_edited=&#8221;on|desktop&#8221; custom_padding=&#8221;0px||||false|false&#8221; saved_tabs=&#8221;all&#8221; locked=&#8221;off&#8221; global_colors_info=&#8221;{}&#8221;][et_pb_row column_structure=&#8221;1_3,2_3&#8243; _builder_version=&#8221;4.25.1&#8243; _module_preset=&#8221;default&#8221; width=&#8221;90%&#8221; max_width=&#8221;1170px&#8221; custom_padding=&#8221;||||false|false&#8221; global_colors_info=&#8221;{}&#8221;][et_pb_column type=&#8221;1_3&#8243; _builder_version=&#8221;4.25.1&#8243; _module_preset=&#8221;default&#8221; global_colors_info=&#8221;{}&#8221;][et_pb_image src=&#8221;https:\/\/www.johanneswatschinger.it\/wp-content\/uploads\/2024\/07\/architekt-johannes-watschinger-sexten-bz-portraet.jpg&#8221; alt=&#8221;Portr\u00e4t von Architekt Johannes Watschinger, Sexten, Hochpustertal (BZ)&#8221; title_text=&#8221;Architekt Johannes Watschinger, Sexten, Hochpustertal (BZ)&#8221; disabled_on=&#8221;on|on|on&#8221; _builder_version=&#8221;4.27.0&#8243; _module_preset=&#8221;default&#8221; disabled=&#8221;on&#8221; locked=&#8221;off&#8221; global_colors_info=&#8221;{}&#8221;][\/et_pb_image][et_pb_text _builder_version=&#8221;4.27.0&#8243; _module_preset=&#8221;195e75ea-af5e-4c92-b0a4-77d1dd591f33&#8243; locked=&#8221;off&#8221; global_colors_info=&#8221;{}&#8221;]<\/p>\n<blockquote><p>\u201eNachhaltige Architektur erfordert funktionale und flexible L\u00f6sungen, die in eine einfache Form und in eine zeitlose \u00e4sthetische Sprache umgesetzt werden.\u201c<\/p><\/blockquote>\n<p>[\/et_pb_text][\/et_pb_column][et_pb_column type=&#8221;2_3&#8243; _builder_version=&#8221;4.25.1&#8243; _module_preset=&#8221;default&#8221; global_colors_info=&#8221;{}&#8221;][et_pb_text _builder_version=&#8221;4.27.0&#8243; _module_preset=&#8221;195e75ea-af5e-4c92-b0a4-77d1dd591f33&#8243; locked=&#8221;off&#8221; global_colors_info=&#8221;{}&#8221;]<\/p>\n<h2>Architekt Johannes Watschinger<\/h2>\n<p>Johannes Watschinger wurde 1959 in Innichen (BZ) geboren. Nach der Matura in Bozen studierte er Architektur an der Universit\u00e4t Innsbruck, legte die Staatspr\u00fcfung in Venedig ab und ist seit 1987 in der Berufskammer der Architekten von Bozen eingetragen.<\/p>\n<p>Architekt Johannes Watschinger ist Sachverst\u00e4ndiger f\u00fcr Urbanistik und Landschaftsschutz sowie KlimaHaus-Experte.<\/p>\n<p>Langj\u00e4hrige Erfahrung hat er im Holzbau sowie in der Gestaltung von Ausstellungen f\u00fcr den Kulturbereich.<\/p>\n<p>[\/et_pb_text][\/et_pb_column][\/et_pb_row][et_pb_row _builder_version=&#8221;4.27.0&#8243; _module_preset=&#8221;default&#8221; width=&#8221;90%&#8221; max_width=&#8221;1170px&#8221; custom_padding=&#8221;||0px||false|false&#8221; locked=&#8221;off&#8221; global_colors_info=&#8221;{}&#8221;][et_pb_column type=&#8221;4_4&#8243; _builder_version=&#8221;4.25.1&#8243; _module_preset=&#8221;default&#8221; global_colors_info=&#8221;{}&#8221;][et_pb_text _builder_version=&#8221;4.27.0&#8243; _module_preset=&#8221;195e75ea-af5e-4c92-b0a4-77d1dd591f33&#8243; locked=&#8221;off&#8221; global_colors_info=&#8221;{}&#8221;]<\/p>\n<h3>Curriculum Vitae<\/h3>\n<p>[\/et_pb_text][et_pb_text content_tablet=&#8221;<\/p>\n<h4 style=%22text-align: left;%22>1978<\/h4>\n<p>Matura am Klassischen Gymnasium-Lyzeum in Bozen<\/p>\n<h4 style=%22text-align: left;%22>1978 \u2013 1986<\/h4>\n<p>Architekturstudium an der Universit\u00e4t Innsbruck (A) \u2013 Dipl. Ing.<\/p>\n<h4 style=%22text-align: left;%22>1986<\/h4>\n<p>Staatspr\u00fcfung IUAV in Venedig<\/p>\n<h4 style=%22text-align: left;%22>1987<\/h4>\n<p>Eintragung in das Berufsalbum der Kammer der Architekten Bozen<\/p>\n<h4 style=%22text-align: left;%22>Seit 1987<\/h4>\n<p>Freiberufliche T\u00e4tigkeit mit eigenem B\u00fcro in Sexten (BZ)<\/p>\n<h4 style=%22text-align: left;%22>1988 \u2013 1993<\/h4>\n<p>Freier Mitarbeiter im Architekturb\u00fcro Franz &#038; Gamper in Bruneck (BZ)<\/p>\n<h4 style=%22text-align: left;%22>1993 \u2013 2004<\/h4>\n<p>Freier Mitarbeiter und Partner im Architekturb\u00fcro Arch. Arno Gamper in Bruneck (BZ)<\/p>\n<h4 style=%22text-align: left;%22>* * *<\/h4>\n<p>Experte KlimaHaus<\/p>\n<h4 style=%22text-align: left;%22>* * *<\/h4>\n<p>Sachverst\u00e4ndiger f\u00fcr Urbanistik und Landschaftsschutz&#8221; content_phone=&#8221;<\/p>\n<h4 style=%22text-align: left;%22>1978<\/h4>\n<p>Matura am Klassischen Gymnasium-Lyzeum in Bozen<\/p>\n<h4 style=%22text-align: left;%22>1978 \u2013 1986<\/h4>\n<p>Architekturstudium an der Universit\u00e4t Innsbruck (A) \u2013 Dipl. Ing.<\/p>\n<h4 style=%22text-align: left;%22>1986<\/h4>\n<p>Staatspr\u00fcfung IUAV in Venedig<\/p>\n<h4 style=%22text-align: left;%22>1987<\/h4>\n<p>Eintragung in das Berufsalbum der Kammer der Architekten Bozen<\/p>\n<h4 style=%22text-align: left;%22>Seit 1987<\/h4>\n<p>Freiberufliche T\u00e4tigkeit mit eigenem B\u00fcro in Sexten (BZ)<\/p>\n<h4 style=%22text-align: left;%22>1988 \u2013 1993<\/h4>\n<p>Freier Mitarbeiter im Architekturb\u00fcro Franz &#038; Gamper in Bruneck (BZ)<\/p>\n<h4 style=%22text-align: left;%22>1993 \u2013 2004<\/h4>\n<p>Freier Mitarbeiter und Partner im Architekturb\u00fcro Arch. Arno Gamper in Bruneck (BZ)<\/p>\n<h4 style=%22text-align: left;%22>* * *<\/h4>\n<p>Experte KlimaHaus<\/p>\n<h4 style=%22text-align: left;%22>* * *<\/h4>\n<p>Sachverst\u00e4ndiger f\u00fcr Urbanistik und Landschaftsschutz&#8221; content_last_edited=&#8221;on|phone&#8221; _builder_version=&#8221;4.27.0&#8243; _module_preset=&#8221;195e75ea-af5e-4c92-b0a4-77d1dd591f33&#8243; header_4_text_color=&#8221;#808080&#8243; header_4_font_size=&#8221;22px&#8221; header_4_line_height=&#8221;1em&#8221; text_line_height_tablet=&#8221;2em&#8221; text_line_height_phone=&#8221;1.5em&#8221; text_line_height_last_edited=&#8221;on|phone&#8221; header_4_font_size_tablet=&#8221;16px&#8221; header_4_font_size_phone=&#8221;16px&#8221; header_4_font_size_last_edited=&#8221;on|tablet&#8221; locked=&#8221;off&#8221; global_colors_info=&#8221;{}&#8221;]<\/p>\n<table style=\"width: 100%; border-collapse: collapse; border-style: none;\" border=\"0\">\n<tbody>\n<tr>\n<td style=\"width: 20.3532%; border-style: none;\">\n<p style=\"text-align: right;\"><span style=\"color: #808080;\"><strong>1978<\/strong><\/span><\/p>\n<\/td>\n<td style=\"width: 69.6468%; border-style: none;\">Matura am Klassischen Gymnasium-Lyzeum in Bozen<\/td>\n<\/tr>\n<tr>\n<td style=\"width: 20.3532%; border-style: none;\">\n<p style=\"text-align: right;\"><span style=\"color: #808080;\"><strong>1978 \u2013 1986<\/strong><\/span><\/p>\n<\/td>\n<td style=\"width: 69.6468%; border-style: none;\">Architekturstudium an der Universit\u00e4t Innsbruck (A) \u2013 Dipl. Ing.<\/td>\n<\/tr>\n<tr>\n<td style=\"width: 20.3532%; border-style: none;\">\n<p style=\"text-align: right;\"><span style=\"color: #808080;\"><strong>1986<\/strong><\/span><\/p>\n<\/td>\n<td style=\"width: 69.6468%; border-style: none;\">Staatspr\u00fcfung IUAV in Venedig<\/td>\n<\/tr>\n<tr>\n<td style=\"width: 20.3532%; border-style: none;\">\n<p style=\"text-align: right;\"><span style=\"color: #808080;\"><strong>1987<\/strong><\/span><\/p>\n<\/td>\n<td style=\"width: 69.6468%; border-style: none;\">Eintragung in das Berufsalbum der Kammer der Architekten Bozen<\/td>\n<\/tr>\n<tr>\n<td style=\"width: 20.3532%; border-style: none;\">\n<p style=\"text-align: right;\"><span style=\"color: #808080;\"><strong>Seit 1987<\/strong><\/span><\/p>\n<\/td>\n<td style=\"width: 69.6468%; border-style: none;\">Freiberufliche T\u00e4tigkeit mit eigenem B\u00fcro in Sexten (BZ)<\/td>\n<\/tr>\n<tr>\n<td style=\"width: 20.3532%; border-style: none;\">\n<p style=\"text-align: right;\"><span style=\"color: #808080;\"><strong>1988 \u2013 1993<\/strong><\/span><\/p>\n<\/td>\n<td style=\"width: 69.6468%; border-style: none;\">Freier Mitarbeiter im Architekturb\u00fcro Franz &#038; Gamper in Bruneck (BZ)<\/td>\n<\/tr>\n<tr>\n<td style=\"width: 20.3532%; border-style: none;\">\n<p style=\"text-align: right;\"><span style=\"color: #808080;\"><strong>1993 \u2013 2004<\/strong><\/span><\/p>\n<\/td>\n<td style=\"width: 69.6468%; border-style: none;\">Freier Mitarbeiter und Partner im Architekturb\u00fcro Arch. Arno Gamper in Bruneck (BZ)<\/td>\n<\/tr>\n<tr>\n<td style=\"width: 20.3532%; border-style: none;\">\n<p style=\"text-align: right;\"><span style=\"color: #808080;\"><strong>* * *<\/strong><\/span><\/p>\n<\/td>\n<td style=\"width: 69.6468%; border-style: none;\">Experte KlimaHaus<\/td>\n<\/tr>\n<tr>\n<td style=\"width: 20.3532%; border-style: none;\">\n<p style=\"text-align: right;\"><span style=\"color: #808080;\"><strong>* * *<\/strong><\/span><\/p>\n<\/td>\n<td style=\"width: 69.6468%; border-style: none;\">Sachverst\u00e4ndiger f\u00fcr Urbanistik und Landschaftsschutz<\/td>\n<\/tr>\n<\/tbody>\n<\/table>\n<p>[\/et_pb_text][\/et_pb_column][\/et_pb_row][et_pb_row column_structure=&#8221;1_3,2_3&#8243; _builder_version=&#8221;4.25.1&#8243; _module_preset=&#8221;default&#8221; width=&#8221;90%&#8221; max_width=&#8221;1170px&#8221; custom_padding=&#8221;||||false|false&#8221; locked=&#8221;off&#8221; global_colors_info=&#8221;{}&#8221;][et_pb_column type=&#8221;1_3&#8243; _builder_version=&#8221;4.25.1&#8243; _module_preset=&#8221;default&#8221; global_colors_info=&#8221;{}&#8221;][\/et_pb_column][et_pb_column type=&#8221;2_3&#8243; _builder_version=&#8221;4.25.1&#8243; _module_preset=&#8221;default&#8221; global_colors_info=&#8221;{}&#8221;][et_pb_button button_url=&#8221;@ET-DC@eyJkeW5hbWljIjp0cnVlLCJjb250ZW50IjoicG9zdF9saW5rX3VybF9wYWdlIiwic2V0dGluZ3MiOnsicG9zdF9pZCI6IjM5MDY1NiJ9fQ==@&#8221; button_text=&#8221;Zum Portfolio&#8221; _builder_version=&#8221;4.25.1&#8243; _dynamic_attributes=&#8221;button_url&#8221; _module_preset=&#8221;default&#8221; custom_button=&#8221;on&#8221; button_text_color=&#8221;#000000&#8243; button_font=&#8221;SpaceGrotesk-Regular||||||||&#8221; locked=&#8221;off&#8221; global_colors_info=&#8221;{}&#8221;][\/et_pb_button][\/et_pb_column][\/et_pb_row][\/et_pb_section]<\/p>\n","protected":false},"excerpt":{"rendered":"<p>Profil\u201eBeim Bauen geht es um einen bewussten Umgang mit den Bed\u00fcrfnissen und Anspr\u00fcchen der Auftraggeber und um die Auseinandersetzung mit dem Ort, in dem das Gebaute eingef\u00fcgt wird.\u201cDas Architekturstudio Das Architekturstudio Johannes Watschinger im Hochpustertal in Sexten (BZ) besch\u00e4ftigt sich haupts\u00e4chlich mit der Planung von privaten und \u00f6ffentlichen Bauaufgaben, mit Sanierung und Revitalisierung sowie mit [&hellip;]<\/p>\n","protected":false},"author":2,"featured_media":0,"parent":0,"menu_order":0,"comment_status":"closed","ping_status":"closed","template":"","meta":{"_et_pb_use_builder":"on","_et_pb_old_content":"","_et_gb_content_width":"","rank_math_lock_modified_date":false,"footnotes":""},"class_list":["post-987496706","page","type-page","status-publish","hentry"],"acf":[],"_links":{"self":[{"href":"https:\/\/www.johanneswatschinger.it\/de\/wp-json\/wp\/v2\/pages\/987496706"}],"collection":[{"href":"https:\/\/www.johanneswatschinger.it\/de\/wp-json\/wp\/v2\/pages"}],"about":[{"href":"https:\/\/www.johanneswatschinger.it\/de\/wp-json\/wp\/v2\/types\/page"}],"author":[{"embeddable":true,"href":"https:\/\/www.johanneswatschinger.it\/de\/wp-json\/wp\/v2\/users\/2"}],"replies":[{"embeddable":true,"href":"https:\/\/www.johanneswatschinger.it\/de\/wp-json\/wp\/v2\/comments?post=987496706"}],"version-history":[{"count":11,"href":"https:\/\/www.johanneswatschinger.it\/de\/wp-json\/wp\/v2\/pages\/987496706\/revisions"}],"predecessor-version":[{"id":987498867,"href":"https:\/\/www.johanneswatschinger.it\/de\/wp-json\/wp\/v2\/pages\/987496706\/revisions\/987498867"}],"wp:attachment":[{"href":"https:\/\/www.johanneswatschinger.it\/de\/wp-json\/wp\/v2\/media?parent=987496706"}],"curies":[{"name":"wp","href":"https:\/\/api.w.org\/{rel}","templated":true}]}}